{"id":2290,"date":"2024-10-14T08:23:39","date_gmt":"2024-10-14T06:23:39","guid":{"rendered":"https:\/\/wagey.com\/impressum\/"},"modified":"2026-03-26T20:24:34","modified_gmt":"2026-03-26T19:24:34","slug":"legal-notice","status":"publish","type":"page","link":"https:\/\/wagey.com\/ja\/legal-notice\/","title":{"rendered":"Legal notice"},"content":{"rendered":"<div id='av_section_1'  class='avia-section av-av_section-179ad88ca27e37930d01573a847283ea main_color avia-section-default avia-no-border-styling  avia-builder-el-0  avia-builder-el-no-sibling  avia-bg-style-scroll container_wrap fullsize'  ><div class='container av-section-cont-open' ><main  role=\"main\" itemprop=\"mainContentOfPage\"  class='template-page content  av-content-full alpha units'><div class='post-entry post-entry-type-page post-entry-2290'><div class='entry-content-wrapper clearfix'>\n\n<style type=\"text\/css\" data-created_by=\"avia_inline_auto\" id=\"style-css-av-av_hr-b16633a8813ba1abdcbc33c561b210f7\">\n#top .hr.hr-invisible.av-av_hr-b16633a8813ba1abdcbc33c561b210f7{\nheight:50px;\n}\n<\/style>\n<div  class='hr av-av_hr-b16633a8813ba1abdcbc33c561b210f7 hr-invisible  avia-builder-el-1  el_before_av_three_fourth  avia-builder-el-first  av-medium-hide av-small-hide av-mini-hide'><span class='hr-inner '><span class=\"hr-inner-style\"><\/span><\/span><\/div>\n<div  class='flex_column av-av_three_fourth-7942df4f199ddde54b71c42e1047eb0d av_three_fourth  avia-builder-el-2  el_after_av_hr  el_before_av_one_fourth  cell-mobile first av-break-at-tablet flex_column_div  '     ><p><section  class='av_textblock_section av-av_textblock-7491b8051d5afd75714dec0046e8df32 '   itemscope=\"itemscope\" itemtype=\"https:\/\/schema.org\/CreativeWork\" ><div class='avia_textblock'  itemprop=\"text\" ><p><span style=\"font-size: 13px; text-transform: uppercase; letter-spacin: 0.15em;\">Intellectual Property Attorneys | WAGNER &amp; GEYER PARTNERSCHAFT<\/span> <span style=\"font-size: 13px; text-transform: none; letter-spacin: 0.15em;\">mbB<\/span><\/p>\n<\/div><\/section><br \/>\n\n<style type=\"text\/css\" data-created_by=\"avia_inline_auto\" id=\"style-css-av-av_heading-bb310e872555c690516b8effff4ef3b1\">\n#top .av-special-heading.av-av_heading-bb310e872555c690516b8effff4ef3b1{\npadding-bottom:10px;\ncolor:#0f3c35;\nfont-size:50px;\n}\nbody .av-special-heading.av-av_heading-bb310e872555c690516b8effff4ef3b1 .av-special-heading-tag .heading-char{\nfont-size:25px;\n}\n#top #wrap_all .av-special-heading.av-av_heading-bb310e872555c690516b8effff4ef3b1 .av-special-heading-tag{\nfont-size:50px;\n}\n.av-special-heading.av-av_heading-bb310e872555c690516b8effff4ef3b1 .special-heading-inner-border{\nborder-color:#0f3c35;\n}\n.av-special-heading.av-av_heading-bb310e872555c690516b8effff4ef3b1 .av-subheading{\nfont-size:15px;\n}\n\n@media only screen and (min-width: 480px) and (max-width: 767px){ \n#top #wrap_all .av-special-heading.av-av_heading-bb310e872555c690516b8effff4ef3b1 .av-special-heading-tag{\nfont-size:0.8em;\n}\n}\n\n@media only screen and (max-width: 479px){ \n#top #wrap_all .av-special-heading.av-av_heading-bb310e872555c690516b8effff4ef3b1 .av-special-heading-tag{\nfont-size:0.8em;\n}\n}\n<\/style>\n<div  class='av-special-heading av-av_heading-bb310e872555c690516b8effff4ef3b1 av-special-heading-h2 custom-color-heading blockquote modern-quote  avia-builder-el-4  el_after_av_textblock  el_before_av_hr  av-inherit-size'><h2 class='av-special-heading-tag '  itemprop=\"headline\"  >Legal notice<\/h2><div class=\"special-heading-border\"><div class=\"special-heading-inner-border\"><\/div><\/div><\/div><br \/>\n\n<style type=\"text\/css\" data-created_by=\"avia_inline_auto\" id=\"style-css-av-av_hr-b16633a8813ba1abdcbc33c561b210f7\">\n#top .hr.hr-invisible.av-av_hr-b16633a8813ba1abdcbc33c561b210f7{\nheight:50px;\n}\n<\/style>\n<div  class='hr av-av_hr-b16633a8813ba1abdcbc33c561b210f7 hr-invisible  avia-builder-el-5  el_after_av_heading  el_before_av_textblock  av-medium-hide av-small-hide av-mini-hide'><span class='hr-inner '><span class=\"hr-inner-style\"><\/span><\/span><\/div><br \/>\n<section  class='av_textblock_section av-av_textblock-7491b8051d5afd75714dec0046e8df32 '   itemscope=\"itemscope\" itemtype=\"https:\/\/schema.org\/CreativeWork\" ><div class='avia_textblock'  itemprop=\"text\" ><p><strong>The legal notice also applies to the following social media profile:<\/strong><\/p>\n<p>LinkedIn: <a href=\"https:\/\/www.linkedin.com\/company\/wagnerundgeyer\/\" target=\"_blank\" rel=\"noopener\">Wagner &amp; Geyer<\/a><\/p>\n<\/div><\/section><br \/>\n\n<style type=\"text\/css\" data-created_by=\"avia_inline_auto\" id=\"style-css-av-av_hr-b16633a8813ba1abdcbc33c561b210f7\">\n#top .hr.hr-invisible.av-av_hr-b16633a8813ba1abdcbc33c561b210f7{\nheight:50px;\n}\n<\/style>\n<div  class='hr av-av_hr-b16633a8813ba1abdcbc33c561b210f7 hr-invisible  avia-builder-el-7  el_after_av_textblock  el_before_av_textblock  av-medium-hide av-small-hide av-mini-hide'><span class='hr-inner '><span class=\"hr-inner-style\"><\/span><\/span><\/div><br \/>\n<section  class='av_textblock_section av-av_textblock-7491b8051d5afd75714dec0046e8df32 '   itemscope=\"itemscope\" itemtype=\"https:\/\/schema.org\/CreativeWork\" ><div class='avia_textblock'  itemprop=\"text\" ><h3>Partnership:<\/h3>\n<p>Wagner &amp; Geyer Partnerschaft mbB Patent- und Rechtsanw\u00e4lte<\/p>\n<h3>Legal form:<\/h3>\n<p>Partnership with limited professional liability<\/p>\n<h3>Registered office and registration:<\/h3>\n<p>Munich, Partnership Register at Munich Local Court, Munich Local Court No. 385<br \/>\nVAT identification number: DE 219 758 487<br \/>\nEconomic identification number: DE 219 758 487 \u2013 00001<\/p>\n<h3>Address and contact details:<\/h3>\n<p>Gew\u00fcrzm\u00fchlstra\u00dfe 5<br \/>\nD-80538 Munich<br \/>\nPhone: +49 (0)89 290 44 50<br \/>\nFax: +49 (0)89 223 221<br \/>\nEmail: <a href=\"mailto:wagey@wagey.com\">wagey@wagey.com<\/a><\/p>\n<h3>Registered partners:<\/h3>\n<p>Dirk W. Carstens, Hubert Wimmer, Andreas K. Schmidbauer, Dr. Stefanie L. Pritzlaff, Korbinian L. Wachutka.<\/p>\n<h3>Professional memberships and regulations:<\/h3>\n<p>Our partners are members of the German Chamber of Patent Attorneys (Tal 29, D-80331 Munich) and the Institute of Professional Representatives before the European Patent Office\/epi (Bayerstr. 83, D-80335 Munich) as well as the Bar Association for the Higher Regional Court District of Munich (Tal 33, D-80331 Munich). European Design and Trademark Attorneys are registered with the Office for Harmonisation in the Internal Market (Trade Marks and Designs).<\/p>\n<h3>Relevant professional regulations:<\/h3>\n<p>Patent Attorney Regulations (Federal Law Gazette I 1966, 557 and Federal Law Gazette I 2013, 3799);<br \/>\nProfessional Code of Conduct for Patent Attorneys (Mitt. 2014, 53);<br \/>\nRules on disciplinary matters concerning professional representatives (OJ EPO 1978, 91, OJ EPO 2008, 14; Supplement to OJ EPO 1\/2013);<br \/>\nGuidelines of the Institute of Professional Representatives before the European Patent Office for the practice of the profession (OJ EPO 2003, 523; Supplement to OJ EPO 1\/2013);<br \/>\nFederal Lawyers&#8217; Act and Professional Code of Conduct for Lawyers (BORA, see also the current regulations at www.brak.de); professional regulations issued by the Council of Bars and Law Societies of the European Union (www.ccbe.org);<br \/>\nProvisions of the Council Regulation on Community designs and Community trade marks.<\/p>\n<h3>Professional liability insurance:<\/h3>\n<p>Professional liability insurance is provided by SIGNAL IDUNA, Head Office Dortmund, Joseph-Scherer-Str. 3, 44139 Dortmund, without restriction of geographical scope, under policy no.: 81.128.976. It meets at least the requirements of Section 45 of the Patent Attorney Regulations (PAO) and Section 8 (4) of the Partnership Act (PartGG).<\/p>\n<p>The competent consumer arbitration board in Germany for financial disputes arising from a client relationship is the Arbitration Board of the Bar Association (Neue Gr\u00fcnstra\u00dfe 17, D-10179 Berlin, http:\/\/www.schlichtungsstelle-der-rechtsanwaltschaft.de).<\/p>\n<p>Wagner &amp; Geyer Partnerschaft mbB Patent- und Rechtsanw\u00e4lte does not participate in dispute resolution proceedings before a consumer arbitration board.<\/p>\n<p>Dr. S. Pritzlaff is responsible for the content in accordance with Section 18(2) of the German Media Services State Treaty (MStV).<\/p>\n<\/div><\/section><br \/>\n\n<style type=\"text\/css\" data-created_by=\"avia_inline_auto\" id=\"style-css-av-av_hr-b16633a8813ba1abdcbc33c561b210f7\">\n#top .hr.hr-invisible.av-av_hr-b16633a8813ba1abdcbc33c561b210f7{\nheight:50px;\n}\n<\/style>\n<div  class='hr av-av_hr-b16633a8813ba1abdcbc33c561b210f7 hr-invisible  avia-builder-el-9  el_after_av_textblock  el_before_av_textblock  av-medium-hide av-small-hide av-mini-hide'><span class='hr-inner '><span class=\"hr-inner-style\"><\/span><\/span><\/div><br \/>\n<section  class='av_textblock_section av-av_textblock-7491b8051d5afd75714dec0046e8df32 '   itemscope=\"itemscope\" itemtype=\"https:\/\/schema.org\/CreativeWork\" ><div class='avia_textblock'  itemprop=\"text\" ><p><strong>Concept, design and implementation:<\/strong><\/p>\n<p>Diana Steib | <a href=\"https:\/\/design.osmosis.de\/\">osmosis.design<\/a><\/p>\n<\/div><\/section><br \/>\n\n<style type=\"text\/css\" data-created_by=\"avia_inline_auto\" id=\"style-css-av-av_hr-b16633a8813ba1abdcbc33c561b210f7\">\n#top .hr.hr-invisible.av-av_hr-b16633a8813ba1abdcbc33c561b210f7{\nheight:50px;\n}\n<\/style>\n<div  class='hr av-av_hr-b16633a8813ba1abdcbc33c561b210f7 hr-invisible  avia-builder-el-11  el_after_av_textblock  avia-builder-el-last  av-medium-hide av-small-hide av-mini-hide'><span class='hr-inner '><span class=\"hr-inner-style\"><\/span><\/span><\/div><\/p><\/div>\n<style type=\"text\/css\" data-created_by=\"avia_inline_auto\" id=\"style-css-av-av_one_fourth-742dbf07564ebd3fbf0832acee325a03\">\n.flex_column.av-av_one_fourth-742dbf07564ebd3fbf0832acee325a03{\npadding:0 0 0 0;\n}\n\n@media only screen and (min-width: 990px){ \n.flex_column.av-av_one_fourth-742dbf07564ebd3fbf0832acee325a03{\npadding:120px 120px 120px 120px;\n}\n}\n\n@media only screen and (min-width: 768px) and (max-width: 989px){ \n.flex_column.av-av_one_fourth-742dbf07564ebd3fbf0832acee325a03{\npadding:90px 90px 90px 90px;\n}\n}\n\n@media only screen and (min-width: 480px) and (max-width: 767px){ \n.flex_column.av-av_one_fourth-742dbf07564ebd3fbf0832acee325a03{\npadding:50px 50px 50px 50px;\n}\n}\n\n@media only screen and (max-width: 479px){ \n.flex_column.av-av_one_fourth-742dbf07564ebd3fbf0832acee325a03{\npadding:50px 50px 50px 50px;\n}\n}\n<\/style>\n<div  class='flex_column av-av_one_fourth-742dbf07564ebd3fbf0832acee325a03 av_one_fourth  avia-builder-el-12  el_after_av_three_fourth  el_before_av_hr  av-break-at-tablet flex_column_div av-zero-column-padding  '     ><\/div>\n<style type=\"text\/css\" data-created_by=\"avia_inline_auto\" id=\"style-css-av-av_hr-b16633a8813ba1abdcbc33c561b210f7\">\n#top .hr.hr-invisible.av-av_hr-b16633a8813ba1abdcbc33c561b210f7{\nheight:50px;\n}\n<\/style>\n<div  class='hr av-av_hr-b16633a8813ba1abdcbc33c561b210f7 hr-invisible  avia-builder-el-13  el_after_av_one_fourth  avia-builder-el-last  av-medium-hide av-small-hide av-mini-hide'><span class='hr-inner '><span class=\"hr-inner-style\"><\/span><\/span><\/div>\n\n","protected":false},"excerpt":{"rendered":"","protected":false},"author":1,"featured_media":0,"parent":0,"menu_order":20,"comment_status":"closed","ping_status":"closed","template":"","meta":{"footnotes":""},"class_list":["post-2290","page","type-page","status-publish","hentry"],"yoast_head":"<!-- This site is optimized with the Yoast SEO plugin v27.0 - https:\/\/yoast.com\/product\/yoast-seo-wordpress\/ -->\n<title>Legal notice - Wagner &amp; Geyer | Patent- &amp; Rechtsanw\u00e4lte M\u00fcnchen<\/title>\n<meta name=\"robots\" content=\"index, follow, max-snippet:-1, max-image-preview:large, max-video-preview:-1\" \/>\n<link rel=\"canonical\" href=\"https:\/\/wagey.com\/ja\/legal-notice\/\" \/>\n<meta property=\"og:locale\" content=\"ja_JP\" \/>\n<meta property=\"og:type\" content=\"article\" \/>\n<meta property=\"og:title\" content=\"Legal notice - Wagner &amp; Geyer | Patent- &amp; Rechtsanw\u00e4lte M\u00fcnchen\" \/>\n<meta property=\"og:url\" content=\"https:\/\/wagey.com\/ja\/legal-notice\/\" \/>\n<meta property=\"og:site_name\" content=\"Wagner &amp; Geyer | Patent- &amp; Rechtsanw\u00e4lte M\u00fcnchen\" \/>\n<meta property=\"article:modified_time\" content=\"2026-03-26T19:24:34+00:00\" \/>\n<meta name=\"twitter:card\" content=\"summary_large_image\" \/>\n<script type=\"application\/ld+json\" class=\"yoast-schema-graph\">{\"@context\":\"https:\/\/schema.org\",\"@graph\":[{\"@type\":\"WebPage\",\"@id\":\"https:\/\/wagey.com\/ja\/legal-notice\/\",\"url\":\"https:\/\/wagey.com\/ja\/legal-notice\/\",\"name\":\"Legal notice - Wagner &amp; Geyer | Patent- &amp; Rechtsanw\u00e4lte M\u00fcnchen\",\"isPartOf\":{\"@id\":\"https:\/\/wagey.com\/ja\/#website\"},\"datePublished\":\"2024-10-14T06:23:39+00:00\",\"dateModified\":\"2026-03-26T19:24:34+00:00\",\"breadcrumb\":{\"@id\":\"https:\/\/wagey.com\/ja\/legal-notice\/#breadcrumb\"},\"inLanguage\":\"ja\",\"potentialAction\":[{\"@type\":\"ReadAction\",\"target\":[\"https:\/\/wagey.com\/ja\/legal-notice\/\"]}]},{\"@type\":\"BreadcrumbList\",\"@id\":\"https:\/\/wagey.com\/ja\/legal-notice\/#breadcrumb\",\"itemListElement\":[{\"@type\":\"ListItem\",\"position\":1,\"name\":\"Startseite\",\"item\":\"https:\/\/wagey.com\/ja\/\"},{\"@type\":\"ListItem\",\"position\":2,\"name\":\"Legal notice\"}]},{\"@type\":\"WebSite\",\"@id\":\"https:\/\/wagey.com\/ja\/#website\",\"url\":\"https:\/\/wagey.com\/ja\/\",\"name\":\"Wagner & Geyer | Patent- & Rechtsanw\u00e4lte M\u00fcnchen\",\"description\":\"\",\"publisher\":{\"@id\":\"https:\/\/wagey.com\/ja\/#organization\"},\"potentialAction\":[{\"@type\":\"SearchAction\",\"target\":{\"@type\":\"EntryPoint\",\"urlTemplate\":\"https:\/\/wagey.com\/ja\/?s={search_term_string}\"},\"query-input\":{\"@type\":\"PropertyValueSpecification\",\"valueRequired\":true,\"valueName\":\"search_term_string\"}}],\"inLanguage\":\"ja\"},{\"@type\":\"Organization\",\"@id\":\"https:\/\/wagey.com\/ja\/#organization\",\"name\":\"Wagner & Geyer | Patent- & Rechtsanw\u00e4lte M\u00fcnchen\",\"url\":\"https:\/\/wagey.com\/ja\/\",\"logo\":{\"@type\":\"ImageObject\",\"inLanguage\":\"ja\",\"@id\":\"https:\/\/wagey.com\/ja\/#\/schema\/logo\/image\/\",\"url\":\"https:\/\/wagey.com\/wp-content\/uploads\/2025\/04\/WG-Logo-CENTER.png\",\"contentUrl\":\"https:\/\/wagey.com\/wp-content\/uploads\/2025\/04\/WG-Logo-CENTER.png\",\"width\":1000,\"height\":606,\"caption\":\"Wagner & Geyer | Patent- & Rechtsanw\u00e4lte M\u00fcnchen\"},\"image\":{\"@id\":\"https:\/\/wagey.com\/ja\/#\/schema\/logo\/image\/\"}}]}<\/script>\n<!-- \/ Yoast SEO plugin. -->","yoast_head_json":{"title":"Legal notice - Wagner &amp; Geyer | Patent- &amp; Rechtsanw\u00e4lte M\u00fcnchen","robots":{"index":"index","follow":"follow","max-snippet":"max-snippet:-1","max-image-preview":"max-image-preview:large","max-video-preview":"max-video-preview:-1"},"canonical":"https:\/\/wagey.com\/ja\/legal-notice\/","og_locale":"ja_JP","og_type":"article","og_title":"Legal notice - Wagner &amp; Geyer | Patent- &amp; Rechtsanw\u00e4lte M\u00fcnchen","og_url":"https:\/\/wagey.com\/ja\/legal-notice\/","og_site_name":"Wagner &amp; Geyer | Patent- &amp; Rechtsanw\u00e4lte M\u00fcnchen","article_modified_time":"2026-03-26T19:24:34+00:00","twitter_card":"summary_large_image","schema":{"@context":"https:\/\/schema.org","@graph":[{"@type":"WebPage","@id":"https:\/\/wagey.com\/ja\/legal-notice\/","url":"https:\/\/wagey.com\/ja\/legal-notice\/","name":"Legal notice - Wagner &amp; Geyer | Patent- &amp; Rechtsanw\u00e4lte M\u00fcnchen","isPartOf":{"@id":"https:\/\/wagey.com\/ja\/#website"},"datePublished":"2024-10-14T06:23:39+00:00","dateModified":"2026-03-26T19:24:34+00:00","breadcrumb":{"@id":"https:\/\/wagey.com\/ja\/legal-notice\/#breadcrumb"},"inLanguage":"ja","potentialAction":[{"@type":"ReadAction","target":["https:\/\/wagey.com\/ja\/legal-notice\/"]}]},{"@type":"BreadcrumbList","@id":"https:\/\/wagey.com\/ja\/legal-notice\/#breadcrumb","itemListElement":[{"@type":"ListItem","position":1,"name":"Startseite","item":"https:\/\/wagey.com\/ja\/"},{"@type":"ListItem","position":2,"name":"Legal notice"}]},{"@type":"WebSite","@id":"https:\/\/wagey.com\/ja\/#website","url":"https:\/\/wagey.com\/ja\/","name":"Wagner & Geyer | Patent- & Rechtsanw\u00e4lte M\u00fcnchen","description":"","publisher":{"@id":"https:\/\/wagey.com\/ja\/#organization"},"potentialAction":[{"@type":"SearchAction","target":{"@type":"EntryPoint","urlTemplate":"https:\/\/wagey.com\/ja\/?s={search_term_string}"},"query-input":{"@type":"PropertyValueSpecification","valueRequired":true,"valueName":"search_term_string"}}],"inLanguage":"ja"},{"@type":"Organization","@id":"https:\/\/wagey.com\/ja\/#organization","name":"Wagner & Geyer | Patent- & Rechtsanw\u00e4lte M\u00fcnchen","url":"https:\/\/wagey.com\/ja\/","logo":{"@type":"ImageObject","inLanguage":"ja","@id":"https:\/\/wagey.com\/ja\/#\/schema\/logo\/image\/","url":"https:\/\/wagey.com\/wp-content\/uploads\/2025\/04\/WG-Logo-CENTER.png","contentUrl":"https:\/\/wagey.com\/wp-content\/uploads\/2025\/04\/WG-Logo-CENTER.png","width":1000,"height":606,"caption":"Wagner & Geyer | Patent- & Rechtsanw\u00e4lte M\u00fcnchen"},"image":{"@id":"https:\/\/wagey.com\/ja\/#\/schema\/logo\/image\/"}}]}},"_links":{"self":[{"href":"https:\/\/wagey.com\/ja\/wp-json\/wp\/v2\/pages\/2290","targetHints":{"allow":["GET"]}}],"collection":[{"href":"https:\/\/wagey.com\/ja\/wp-json\/wp\/v2\/pages"}],"about":[{"href":"https:\/\/wagey.com\/ja\/wp-json\/wp\/v2\/types\/page"}],"author":[{"embeddable":true,"href":"https:\/\/wagey.com\/ja\/wp-json\/wp\/v2\/users\/1"}],"replies":[{"embeddable":true,"href":"https:\/\/wagey.com\/ja\/wp-json\/wp\/v2\/comments?post=2290"}],"version-history":[{"count":2,"href":"https:\/\/wagey.com\/ja\/wp-json\/wp\/v2\/pages\/2290\/revisions"}],"predecessor-version":[{"id":2332,"href":"https:\/\/wagey.com\/ja\/wp-json\/wp\/v2\/pages\/2290\/revisions\/2332"}],"wp:attachment":[{"href":"https:\/\/wagey.com\/ja\/wp-json\/wp\/v2\/media?parent=2290"}],"curies":[{"name":"wp","href":"https:\/\/api.w.org\/{rel}","templated":true}]}}